{"id":22,"date":"2023-11-06T10:00:00","date_gmt":"2023-11-06T13:00:00","guid":{"rendered":"https:\/\/intrarazao.com\/?page_id=22"},"modified":"2024-04-11T11:25:36","modified_gmt":"2024-04-11T14:25:36","slug":"vem-ver","status":"publish","type":"page","link":"https:\/\/intrarazao.com\/articles\/vem-ver\/","title":{"rendered":"Vem ver&#8230;"},"content":{"rendered":"\n\n\n<h2 class=\"wp-block-heading has-cyan-bluish-gray-color has-text-color has-link-color wp-elements-4b3181a3e7fcce98037e629a93ef3247\"><strong>15 anos de Empresa | Kelli<\/strong><\/h2>\n\n\n\n<p>Que Sorte a nossa voc\u00ea ter aparecido por aqui, Kelli!<\/p>\n\n\n\n<p>H\u00e1 15 anos nossas hist\u00f3rias se cruzaram e temos imensa felicidade em celebrar seu anivers\u00e1rio de empresa.<\/p>\n\n\n\n<p>Somos gratos por sua dedica\u00e7\u00e3o, comprometimento, profissionalismo, e por voc\u00ea seguir junto com a gente realizando Sonhos, Objetivos e Neg\u00f3cios!<\/p>\n\n\n\n<figure class=\"wp-block-image size-large is-resized\"><img fetchpriority=\"high\" decoding=\"async\" width=\"1024\" height=\"1024\" src=\"https:\/\/intrarazao.com\/wp-content\/uploads\/2023\/12\/Dia-do-Corretor-de-Imoveis-1024x1024.jpg\" alt=\"\" class=\"wp-image-2908\" style=\"width:727px;height:auto\" srcset=\"https:\/\/intrarazao.com\/wp-content\/uploads\/2023\/12\/Dia-do-Corretor-de-Imoveis-1024x1024.jpg 1024w, https:\/\/intrarazao.com\/wp-content\/uploads\/2023\/12\/Dia-do-Corretor-de-Imoveis-300x300.jpg 300w, https:\/\/intrarazao.com\/wp-content\/uploads\/2023\/12\/Dia-do-Corretor-de-Imoveis-150x150.jpg 150w, https:\/\/intrarazao.com\/wp-content\/uploads\/2023\/12\/Dia-do-Corretor-de-Imoveis-768x768.jpg 768w, https:\/\/intrarazao.com\/wp-content\/uploads\/2023\/12\/Dia-do-Corretor-de-Imoveis.jpg 1080w\" sizes=\"(max-width: 1024px) 100vw, 1024px\" \/><\/figure>\n\n\n\n<h2 class=\"wp-block-heading has-vivid-red-color has-text-color\"><strong>5 anos de Empresa | Gustavo<\/strong><\/h2>\n\n\n\n<p>Hoje voc\u00ea completa 5 anos de Raz\u00e3o! \ud83c\udf88<\/p>\n\n\n\n<p>Que bom que nossas hist\u00f3rias se cruzaram, que chegamos at\u00e9 aqui compartilhando sonhos, trocando experi\u00eancias e evoluindo, dia ap\u00f3s dia.<\/p>\n\n\n\n<p>Voc\u00ea \u00e9 muito importante para sermos quem somos, e agradecemos a voc\u00ea por ser exatamente como \u00e9.<\/p>\n\n\n\n<p>Nosso time fica mais forte com o seu profissionalismo e dedica\u00e7\u00e3o. Parab\u00e9ns!\ud83c\udf89<\/p>\n\n\n\n<figure class=\"wp-block-image size-full is-resized\"><img decoding=\"async\" width=\"742\" height=\"739\" src=\"https:\/\/intrarazao.com\/wp-content\/uploads\/2023\/11\/image.png\" alt=\"\" class=\"wp-image-2814\" style=\"aspect-ratio:1.0040595399188093;width:726px;height:auto\" srcset=\"https:\/\/intrarazao.com\/wp-content\/uploads\/2023\/11\/image.png 742w, https:\/\/intrarazao.com\/wp-content\/uploads\/2023\/11\/image-300x300.png 300w, https:\/\/intrarazao.com\/wp-content\/uploads\/2023\/11\/image-150x150.png 150w\" sizes=\"(max-width: 742px) 100vw, 742px\" \/><\/figure>\n\n\n\n<p><\/p>\n\n\n\n<p><\/p>\n\n\n\n<h2 class=\"wp-block-heading has-vivid-red-color has-text-color\"><strong>5 anos de Empresa | Lilian<\/strong><\/h2>\n\n\n\n<p>Hoje a Lilian completa 5 anos de Raz\u00e3o! \ud83c\udf88<\/p>\n\n\n\n<p>Que bom que nossas hist\u00f3rias se cruzaram, que chegamos at\u00e9 aqui compartilhando sonhos, trocando experi\u00eancias e evoluindo, dia ap\u00f3s dia.<\/p>\n\n\n\n<p>Voc\u00ea \u00e9 muito importante para sermos quem somos, e agradecemos a voc\u00ea por ser exatamente como \u00e9.<\/p>\n\n\n\n<p>Nosso time fica mais forte com o seu profissionalismo e dedica\u00e7\u00e3o. Parab\u00e9ns!\ud83c\udf89<\/p>\n\n\n\n<figure class=\"wp-block-image size-full is-resized\"><img decoding=\"async\" width=\"476\" height=\"479\" src=\"https:\/\/intrarazao.com\/wp-content\/uploads\/2023\/10\/image.png\" alt=\"\" class=\"wp-image-2810\" style=\"aspect-ratio:0.9937369519832986;width:685px;height:auto\" srcset=\"https:\/\/intrarazao.com\/wp-content\/uploads\/2023\/10\/image.png 476w, https:\/\/intrarazao.com\/wp-content\/uploads\/2023\/10\/image-298x300.png 298w, https:\/\/intrarazao.com\/wp-content\/uploads\/2023\/10\/image-150x150.png 150w\" sizes=\"(max-width: 476px) 100vw, 476px\" \/><\/figure>\n\n\n\n<p><\/p>\n\n\n\n<p><\/p>\n\n\n\n<h2 class=\"wp-block-heading has-pale-pink-color has-text-color\"><strong>DIA DA SECRET\u00c1RIA<\/strong><\/h2>\n\n\n\n<p>Especialistas em resolver mil coisas ao mesmo tempo!<br>Emine e Pattricia, nossas secret\u00e1rias merecem todo carinho todos os dias! \ud83e\udd70\ud83d\udc93<\/p>\n\n\n\n<figure class=\"wp-block-image size-large is-resized\"><img loading=\"lazy\" decoding=\"async\" width=\"1024\" height=\"1024\" src=\"https:\/\/intrarazao.com\/wp-content\/uploads\/2023\/09\/image-1024x1024.png\" alt=\"\" class=\"wp-image-2783\" style=\"width:745px;height:745px\" srcset=\"https:\/\/intrarazao.com\/wp-content\/uploads\/2023\/09\/image-1024x1024.png 1024w, https:\/\/intrarazao.com\/wp-content\/uploads\/2023\/09\/image-300x300.png 300w, https:\/\/intrarazao.com\/wp-content\/uploads\/2023\/09\/image-150x150.png 150w, https:\/\/intrarazao.com\/wp-content\/uploads\/2023\/09\/image-768x768.png 768w, https:\/\/intrarazao.com\/wp-content\/uploads\/2023\/09\/image.png 1080w\" sizes=\"(max-width: 1024px) 100vw, 1024px\" \/><\/figure>\n\n\n\n<p><\/p>\n\n\n\n<p><\/p>\n\n\n\n<h2 class=\"wp-block-heading has-vivid-red-color has-text-color\"><strong>10 anos de Empresa | C\u00e9lia<\/strong><\/h2>\n\n\n\n<p>10 anos, cada dia mais Raz\u00e3o! \ud83c\udf89C\u00e9lia, nossa corretora de im\u00f3veis est\u00e1 completando anivers\u00e1rio de tempo de casa hoje.<\/p>\n\n\n\n<p>Quantas alegrias e conquistas temos para comemorar. Voc\u00ea e o seu profissionalismo s\u00e3o fundamentais para a nossa empresa. \ud83d\ude04<\/p>\n\n\n\n<p>Obrigada por ajudar a construir uma Raz\u00e3o cada dia melhor.<\/p>\n\n\n\n<figure class=\"wp-block-image size-large is-resized\"><img loading=\"lazy\" decoding=\"async\" width=\"1024\" height=\"1024\" src=\"https:\/\/intrarazao.com\/wp-content\/uploads\/2023\/09\/Feed-Tempo-de-Casa-1024x1024.jpg\" alt=\"\" class=\"wp-image-2780\" style=\"width:737px;height:737px\" srcset=\"https:\/\/intrarazao.com\/wp-content\/uploads\/2023\/09\/Feed-Tempo-de-Casa-1024x1024.jpg 1024w, https:\/\/intrarazao.com\/wp-content\/uploads\/2023\/09\/Feed-Tempo-de-Casa-300x300.jpg 300w, https:\/\/intrarazao.com\/wp-content\/uploads\/2023\/09\/Feed-Tempo-de-Casa-150x150.jpg 150w, https:\/\/intrarazao.com\/wp-content\/uploads\/2023\/09\/Feed-Tempo-de-Casa-768x768.jpg 768w, https:\/\/intrarazao.com\/wp-content\/uploads\/2023\/09\/Feed-Tempo-de-Casa.jpg 1080w\" sizes=\"(max-width: 1024px) 100vw, 1024px\" \/><\/figure>\n\n\n\n<p><\/p>\n\n\n\n<p><\/p>\n\n\n\n<h2 class=\"wp-block-heading has-vivid-red-color has-text-color\" style=\"font-style:normal;font-weight:700\">Dia da Fam\u00edlia<\/h2>\n\n\n\n<p class=\"has-white-color has-black-background-color has-text-color has-background has-small-font-size\"><strong> A data oficial do Dia da Fam\u00edlia \u00e9 dia 15\/05 e por aqui comemoramos no dia 26\/05\/2023 e preparamos uma festa com todo carinho.<br>O expediente encerrou as 17h30 e nossos colaboradores puderam receber sua fam\u00edlia, mostrar o seu local de trabalho, apresentar os colegas e festejar junto com a gente.<br>O encontro aconteceu no \u00e1tico e contou com uma decora\u00e7\u00e3o especial e tamb\u00e9m com v\u00e1rias comidinhas gostosas.<br>** Quer ver todas as fotos? Corre pra Galeria : <a href=\"https:\/\/intrarazao.com\/articles\/galeria\/\">GALERIA \u2013 Somos Raz\u00e3o (intrarazao.com)<\/a><\/strong><\/p>\n\n\n\n<div class=\"wp-block-media-text alignwide is-stacked-on-mobile\"><figure class=\"wp-block-media-text__media\"><img loading=\"lazy\" decoding=\"async\" width=\"456\" height=\"489\" src=\"https:\/\/intrarazao.com\/wp-content\/uploads\/2023\/06\/WhatsApp-Image-2023-05-10-at-07.38.33.jpeg\" alt=\"\" class=\"wp-image-2176 size-full\" srcset=\"https:\/\/intrarazao.com\/wp-content\/uploads\/2023\/06\/WhatsApp-Image-2023-05-10-at-07.38.33.jpeg 456w, https:\/\/intrarazao.com\/wp-content\/uploads\/2023\/06\/WhatsApp-Image-2023-05-10-at-07.38.33-280x300.jpeg 280w\" sizes=\"(max-width: 456px) 100vw, 456px\" \/><\/figure><div class=\"wp-block-media-text__content\">\n<div class=\"wp-block-group is-layout-constrained wp-block-group-is-layout-constrained\">\n<figure class=\"wp-block-gallery has-nested-images columns-default is-cropped wp-block-gallery-1 is-layout-flex wp-block-gallery-is-layout-flex\">\n<figure class=\"wp-block-image size-large\"><img loading=\"lazy\" decoding=\"async\" width=\"683\" height=\"1024\" data-id=\"2177\" src=\"https:\/\/intrarazao.com\/wp-content\/uploads\/2023\/06\/0A5A1746-683x1024.jpg\" alt=\"\" class=\"wp-image-2177\" srcset=\"https:\/\/intrarazao.com\/wp-content\/uploads\/2023\/06\/0A5A1746-683x1024.jpg 683w, https:\/\/intrarazao.com\/wp-content\/uploads\/2023\/06\/0A5A1746-200x300.jpg 200w, https:\/\/intrarazao.com\/wp-content\/uploads\/2023\/06\/0A5A1746-768x1152.jpg 768w, https:\/\/intrarazao.com\/wp-content\/uploads\/2023\/06\/0A5A1746-1024x1536.jpg 1024w, https:\/\/intrarazao.com\/wp-content\/uploads\/2023\/06\/0A5A1746.jpg 1280w\" sizes=\"(max-width: 683px) 100vw, 683px\" \/><\/figure>\n\n\n\n<figure class=\"wp-block-image size-large\"><img loading=\"lazy\" decoding=\"async\" width=\"1024\" height=\"683\" data-id=\"2178\" src=\"https:\/\/intrarazao.com\/wp-content\/uploads\/2023\/06\/0A5A1756-1024x683.jpg\" alt=\"\" class=\"wp-image-2178\" srcset=\"https:\/\/intrarazao.com\/wp-content\/uploads\/2023\/06\/0A5A1756-1024x683.jpg 1024w, https:\/\/intrarazao.com\/wp-content\/uploads\/2023\/06\/0A5A1756-300x200.jpg 300w, https:\/\/intrarazao.com\/wp-content\/uploads\/2023\/06\/0A5A1756-768x512.jpg 768w, https:\/\/intrarazao.com\/wp-content\/uploads\/2023\/06\/0A5A1756-1536x1024.jpg 1536w, https:\/\/intrarazao.com\/wp-content\/uploads\/2023\/06\/0A5A1756.jpg 1920w\" sizes=\"(max-width: 1024px) 100vw, 1024px\" \/><\/figure>\n\n\n\n<figure class=\"wp-block-image size-large\"><img loading=\"lazy\" decoding=\"async\" width=\"1024\" height=\"683\" data-id=\"2183\" src=\"https:\/\/intrarazao.com\/wp-content\/uploads\/2023\/06\/0A5A1788-1024x683.jpg\" alt=\"\" class=\"wp-image-2183\" srcset=\"https:\/\/intrarazao.com\/wp-content\/uploads\/2023\/06\/0A5A1788-1024x683.jpg 1024w, https:\/\/intrarazao.com\/wp-content\/uploads\/2023\/06\/0A5A1788-300x200.jpg 300w, https:\/\/intrarazao.com\/wp-content\/uploads\/2023\/06\/0A5A1788-768x512.jpg 768w, https:\/\/intrarazao.com\/wp-content\/uploads\/2023\/06\/0A5A1788-1536x1024.jpg 1536w, https:\/\/intrarazao.com\/wp-content\/uploads\/2023\/06\/0A5A1788.jpg 1920w\" sizes=\"(max-width: 1024px) 100vw, 1024px\" \/><\/figure>\n\n\n\n<figure class=\"wp-block-image size-large\"><img loading=\"lazy\" decoding=\"async\" width=\"1024\" height=\"683\" data-id=\"2180\" src=\"https:\/\/intrarazao.com\/wp-content\/uploads\/2023\/06\/0A5A1750-1024x683.jpg\" alt=\"\" class=\"wp-image-2180\" srcset=\"https:\/\/intrarazao.com\/wp-content\/uploads\/2023\/06\/0A5A1750-1024x683.jpg 1024w, https:\/\/intrarazao.com\/wp-content\/uploads\/2023\/06\/0A5A1750-300x200.jpg 300w, https:\/\/intrarazao.com\/wp-content\/uploads\/2023\/06\/0A5A1750-768x512.jpg 768w, https:\/\/intrarazao.com\/wp-content\/uploads\/2023\/06\/0A5A1750-1536x1024.jpg 1536w, https:\/\/intrarazao.com\/wp-content\/uploads\/2023\/06\/0A5A1750.jpg 1920w\" sizes=\"(max-width: 1024px) 100vw, 1024px\" \/><\/figure>\n<\/figure>\n<\/div>\n<\/div><\/div>\n\n\n\n<p><\/p>\n\n\n\n<h2 class=\"wp-block-heading has-cyan-bluish-gray-color has-text-color\"><strong>25 anos de Empresa | Eduardo<\/strong><\/h2>\n\n\n\n<h5 class=\"wp-block-heading has-small-font-size\">H\u00e1 25 anos, nossas hist\u00f3rias se cruzaram&#8230;<br><br>Desde 1998, seguimos juntos nessa jornada e, todo dia 26 de Maio, temos imensa felicidade em celebrar seu anivers\u00e1rio de empresa.<br><br>Por sua dedica\u00e7\u00e3o que nos faz ser quem somos, saiba que \u00e9 fonte de inspira\u00e7\u00e3o para todos.<br><br>Obrigada por estar com a gente construindo sonhos e neg\u00f3cios, Eduardo. <\/h5>\n\n\n\n<figure class=\"wp-block-image size-full\"><img loading=\"lazy\" decoding=\"async\" width=\"724\" height=\"725\" src=\"https:\/\/intrarazao.com\/wp-content\/uploads\/2023\/06\/Eduardo-25-anos.jpg\" alt=\"\" class=\"wp-image-2417\" srcset=\"https:\/\/intrarazao.com\/wp-content\/uploads\/2023\/06\/Eduardo-25-anos.jpg 724w, https:\/\/intrarazao.com\/wp-content\/uploads\/2023\/06\/Eduardo-25-anos-300x300.jpg 300w, https:\/\/intrarazao.com\/wp-content\/uploads\/2023\/06\/Eduardo-25-anos-150x150.jpg 150w\" sizes=\"(max-width: 724px) 100vw, 724px\" \/><\/figure>\n\n\n\n<p><\/p>\n\n\n\n<p><\/p>\n\n\n\n<h2 class=\"wp-block-heading has-pale-pink-color has-text-color\"><strong>10 anos de Empresa | Brenda<\/strong><\/h2>\n\n\n\n<h5 class=\"wp-block-heading\">10 anos, cada dia mais Raz\u00e3o!<br><br>Brenda, nossa corretora de im\u00f3veis completou anivers\u00e1rio de tempo de casa no dia 30\/05.<br><br>S\u00e3o 10 anos e quantas alegrias e conquistas temos para comemorar. Voc\u00ea e o seu profissionalismo s\u00e3o fundamentais para a nossa empresa.<br><br>Obrigada por ajudar a construir uma Raz\u00e3o cada dia melhor!<\/h5>\n\n\n\n<figure class=\"wp-block-image size-full is-resized\"><img loading=\"lazy\" decoding=\"async\" width=\"614\" height=\"612\" src=\"https:\/\/intrarazao.com\/wp-content\/uploads\/2023\/06\/image.png\" alt=\"\" class=\"wp-image-2418\" style=\"width:741px;height:739px\" srcset=\"https:\/\/intrarazao.com\/wp-content\/uploads\/2023\/06\/image.png 614w, https:\/\/intrarazao.com\/wp-content\/uploads\/2023\/06\/image-300x300.png 300w, https:\/\/intrarazao.com\/wp-content\/uploads\/2023\/06\/image-150x150.png 150w\" sizes=\"(max-width: 614px) 100vw, 614px\" \/><\/figure>\n\n\n\n<p><\/p>\n\n\n\n<p><\/p>\n\n\n\n<h2 class=\"wp-block-heading has-pale-pink-color has-text-color\"><strong>Dia das M\u00e3es<\/strong><\/h2>\n\n\n\n<p class=\"has-medium-font-size\">M\u00e3e, a pe\u00e7a fundamental na vida de todos, que cuida e d\u00e1 aten\u00e7\u00e3o.<br>Que educa, protege e deixa nossa vida em equil\u00edbrio. Certamente n\u00e3o h\u00e1 nada mais valioso do que o amor de uma m\u00e3e, que nos preenche por inteiro, sem falhas.<br>A Imobili\u00e1ria Raz\u00e3o agradece e deseja a todas as mam\u00e3es um \u00f3timo Dia das M\u00e3es! \u2764<\/p>\n\n\n\n<figure class=\"wp-block-gallery has-nested-images columns-default is-cropped wp-block-gallery-2 is-layout-flex wp-block-gallery-is-layout-flex\">\n<figure class=\"wp-block-image size-large\"><img loading=\"lazy\" decoding=\"async\" width=\"768\" height=\"1024\" data-id=\"2453\" src=\"https:\/\/intrarazao.com\/wp-content\/uploads\/2023\/06\/WhatsApp-Image-2023-06-29-at-16.28.15-768x1024.jpeg\" alt=\"\" class=\"wp-image-2453\" srcset=\"https:\/\/intrarazao.com\/wp-content\/uploads\/2023\/06\/WhatsApp-Image-2023-06-29-at-16.28.15-768x1024.jpeg 768w, https:\/\/intrarazao.com\/wp-content\/uploads\/2023\/06\/WhatsApp-Image-2023-06-29-at-16.28.15-225x300.jpeg 225w, https:\/\/intrarazao.com\/wp-content\/uploads\/2023\/06\/WhatsApp-Image-2023-06-29-at-16.28.15-1152x1536.jpeg 1152w, https:\/\/intrarazao.com\/wp-content\/uploads\/2023\/06\/WhatsApp-Image-2023-06-29-at-16.28.15.jpeg 1200w\" sizes=\"(max-width: 768px) 100vw, 768px\" \/><\/figure>\n\n\n\n<figure class=\"wp-block-image size-large\"><img loading=\"lazy\" decoding=\"async\" width=\"768\" height=\"1024\" data-id=\"2455\" src=\"https:\/\/intrarazao.com\/wp-content\/uploads\/2023\/06\/WhatsApp-Image-2023-06-29-at-16.28.16-768x1024.jpeg\" alt=\"\" class=\"wp-image-2455\" srcset=\"https:\/\/intrarazao.com\/wp-content\/uploads\/2023\/06\/WhatsApp-Image-2023-06-29-at-16.28.16-768x1024.jpeg 768w, https:\/\/intrarazao.com\/wp-content\/uploads\/2023\/06\/WhatsApp-Image-2023-06-29-at-16.28.16-225x300.jpeg 225w, https:\/\/intrarazao.com\/wp-content\/uploads\/2023\/06\/WhatsApp-Image-2023-06-29-at-16.28.16-1152x1536.jpeg 1152w, https:\/\/intrarazao.com\/wp-content\/uploads\/2023\/06\/WhatsApp-Image-2023-06-29-at-16.28.16.jpeg 1200w\" sizes=\"(max-width: 768px) 100vw, 768px\" \/><\/figure>\n<\/figure>\n\n\n\n<p><\/p>\n\n\n\n<h2 class=\"wp-block-heading has-luminous-vivid-orange-color has-text-color\"><strong>P\u00e1scoa<\/strong><\/h2>\n\n\n\n<h5 class=\"wp-block-heading has-cyan-bluish-gray-color has-text-color\">E o Coelhinho da P\u00e1scoa da Raz\u00e3o n\u00e3o deixou ningu\u00e9m sem chocolatinho para ado\u00e7ar esta data de renova\u00e7\u00e3o em nossas vidas. <\/h5>\n\n\n\n<h5 class=\"wp-block-heading has-cyan-bluish-gray-color has-text-color\">Que a P\u00e1scoa seja recheada de Amor, Felicidade, Uni\u00e3o e muito chocolate!<br><\/h5>\n\n\n\n<figure class=\"wp-block-image size-full\"><img loading=\"lazy\" decoding=\"async\" width=\"794\" height=\"487\" src=\"https:\/\/intrarazao.com\/wp-content\/uploads\/2023\/06\/image-8.png\" alt=\"\" class=\"wp-image-2469\" srcset=\"https:\/\/intrarazao.com\/wp-content\/uploads\/2023\/06\/image-8.png 794w, https:\/\/intrarazao.com\/wp-content\/uploads\/2023\/06\/image-8-300x184.png 300w, https:\/\/intrarazao.com\/wp-content\/uploads\/2023\/06\/image-8-768x471.png 768w\" sizes=\"(max-width: 794px) 100vw, 794px\" \/><\/figure>\n\n\n\n<p><\/p>\n\n\n\n<h2 class=\"wp-block-heading has-vivid-red-color has-text-color\"><strong>Festa da Firma<\/strong><\/h2>\n\n\n\n<p>E teve Festa da Firma&#8230;<\/p>\n\n\n\n<p>No dia 07 de Dezembro nos reunimos no Espa\u00e7o Dep\u00f3sito para nossa Festa de Confraterniza\u00e7\u00e3o de Fim de Ano e foi Sensacional!<\/p>\n\n\n\n<p>Com direito a jantar, playlist escolhida pelos colaboradores e mais e mais fester\u00ea!<\/p>\n\n\n\n<p>Orgulho de ter um time focado em Realizar Sonhos, Objetivos e Neg\u00f3cios !<\/p>\n\n\n\n<p>Afinal s\u00f3 temos Raz\u00e3o pra comemorar muito este ano Maravilhoso e que venha 2023 cheio de novidades!<\/p>\n\n\n\n<p><\/p>\n\n\n\n<figure class=\"wp-block-image size-full\"><img loading=\"lazy\" decoding=\"async\" width=\"4000\" height=\"2667\" src=\"https:\/\/intrarazao.com\/wp-content\/uploads\/2022\/12\/0A5A9133.jpg\" alt=\"\" class=\"wp-image-81\"\/><\/figure>\n\n\n\n<p><\/p>\n\n\n\n<h2 class=\"wp-block-heading has-vivid-cyan-blue-color has-text-color\">Novembro Azul<\/h2>\n\n\n\n<p>Durante todo o M\u00eas de Novembro, disponibilizamos em nossos ambientes, banners com QR Code que davam acesso a conte\u00fados informativos sobre o m\u00eas de conscientiza\u00e7\u00e3o da sa\u00fade do homem. A import\u00e2ncia de cuidar da alimenta\u00e7\u00e3o, praticar atividades f\u00edsicas, ir regularmente ao m\u00e9dico e sobre a necessidade do exame preventivo de c\u00e2ncer de pr\u00f3stata, ap\u00f3s os 45 anos.<\/p>\n\n\n\n<p>Nosso time vestiu azul todas as sextas-feiras, para lembrar que sa\u00fade tamb\u00e9m \u00e9 papo de homem. E dia 25, na \u00faltima sexta, tiramos uma foto especial com alguns colaboradores, para registrar este momento!<\/p>\n\n\n\n<p>Presenteamos nossa equipe com uma lembrancinha pra marcar essa data. Uma caneca para incentivar a todos que bebam muita \u00e1gua, refor\u00e7ando a import\u00e2ncia de se cuidar, e daqueles que amamos.&nbsp;<\/p>\n\n\n\n<p class=\"has-vivid-cyan-blue-color has-text-color\"><strong>Novembro 2022 &#8211; N\u00f3s apoiamos a preven\u00e7\u00e3o ao c\u00e2ncer de pr\u00f3stata!<\/strong><\/p>\n\n\n\n<figure class=\"wp-block-gallery has-nested-images columns-default is-cropped wp-block-gallery-3 is-layout-flex wp-block-gallery-is-layout-flex\">\n<figure class=\"wp-block-image size-large\"><img loading=\"lazy\" decoding=\"async\" width=\"1080\" height=\"1080\" data-id=\"61\" src=\"https:\/\/intrarazao.com\/wp-content\/uploads\/2022\/12\/Novembro-azul1.jpg\" alt=\"\" class=\"wp-image-61\"\/><\/figure>\n\n\n\n<figure class=\"wp-block-image size-large\"><img loading=\"lazy\" decoding=\"async\" width=\"1080\" height=\"1080\" data-id=\"62\" src=\"https:\/\/intrarazao.com\/wp-content\/uploads\/2022\/12\/Novembro-azul.jpg\" alt=\"\" class=\"wp-image-62\"\/><\/figure>\n<\/figure>\n\n\n\n<p><\/p>\n\n\n\n<h2 class=\"wp-block-heading has-pale-pink-color has-text-color\">Outubro Rosa<\/h2>\n\n\n\n<p>Sabemos que em Outubro o mundo fica mais cor de rosa, devido ao movimento de conscientiza\u00e7\u00e3o sobre o c\u00e2ncer de mama.<br>E n\u00f3s da Imobili\u00e1ria Raz\u00e3o, que Somos Feitos de Pessoas, n\u00e3o poder\u00edamos ficar de fora, ent\u00e3o continuamos cuidando de nossos colaboradores e clientes!<\/p>\n\n\n\n<p>Durante todo o M\u00eas de Outubro, disponibilizamos em nossos ambientes, banners com QR Code que d\u00e1 acesso \u00e0 conte\u00fados informativos sobre o Outubro Rosa, a import\u00e2ncia de ir ao ginecologista, auto-cuidado e como cuidar de quem amamos.<\/p>\n\n\n\n<p>Nosso time vestiu rosa todas as sextas-feiras, para lembrar da import\u00e2ncia do cuidado. E dia 28, na \u00faltima sexta, tiramos uma foto especial com alguns colaboradores, para registrar este momento!<\/p>\n\n\n\n<p>Presenteamos nossa equipe com uma lembrancinha pra marcar essa data. Um chaveiro-espelho, para que todas as vezes que vejam seu reflexo, lembrem-se o quanto s\u00e3o maravilhosos e precisam se cuidar (e orientar quem amam a fazer o mesmo)!<\/p>\n\n\n\n<p class=\"has-pale-pink-color has-text-color\"><strong>Outubro 2022 &#8211; N\u00f3s apoiamos a preven\u00e7\u00e3o ao c\u00e2ncer de mama !<\/strong><\/p>\n\n\n\n<figure class=\"wp-block-gallery has-nested-images columns-default is-cropped wp-block-gallery-4 is-layout-flex wp-block-gallery-is-layout-flex\">\n<figure class=\"wp-block-image size-large\"><img loading=\"lazy\" decoding=\"async\" width=\"1080\" height=\"1080\" data-id=\"66\" src=\"https:\/\/intrarazao.com\/wp-content\/uploads\/2022\/12\/Outubro-Rosa.jpg\" alt=\"\" class=\"wp-image-66\"\/><\/figure>\n\n\n\n<figure class=\"wp-block-image size-large\"><img loading=\"lazy\" decoding=\"async\" width=\"572\" height=\"572\" data-id=\"68\" src=\"https:\/\/intrarazao.com\/wp-content\/uploads\/2022\/12\/Outubro-Rosa2.jpg\" alt=\"\" class=\"wp-image-68\"\/><\/figure>\n<\/figure>\n","protected":false},"excerpt":{"rendered":"<p>\n\t<a href=\"https:\/\/webmandesign.github.io\/docs\/francesca\/#posts-excerpt\">This is a page\/post excerpt text.<\/a><br \/>\n\tLorem dolor sit amet adipiscing elit gravida, enim curabitur sagittis magna molestie rutrum nostra viverra.<\/p>\n","protected":false},"author":1,"featured_media":0,"parent":0,"menu_order":1,"comment_status":"closed","ping_status":"closed","template":"","meta":{"saved_in_kubio":true,"site-sidebar-layout":"default","site-content-layout":"default","ast-global-header-display":"","ast-main-header-display":"","ast-hfb-above-header-display":"","ast-hfb-below-header-display":"","ast-hfb-mobile-header-display":"","site-post-title":"","ast-breadcrumbs-content":"","ast-featured-img":"","footer-sml-layout":"","theme-transparent-header-meta":"","adv-header-id-meta":"","stick-header-meta":"","header-above-stick-meta":"","header-main-stick-meta":"","header-below-stick-meta":"","footnotes":""},"class_list":["post-22","page","type-page","status-publish","hentry"],"kubio_ai_page_context":{"short_desc":"","purpose":"general"},"_links":{"self":[{"href":"https:\/\/intrarazao.com\/articles\/wp-json\/wp\/v2\/pages\/22","targetHints":{"allow":["GET"]}}],"collection":[{"href":"https:\/\/intrarazao.com\/articles\/wp-json\/wp\/v2\/pages"}],"about":[{"href":"https:\/\/intrarazao.com\/articles\/wp-json\/wp\/v2\/types\/page"}],"author":[{"embeddable":true,"href":"https:\/\/intrarazao.com\/articles\/wp-json\/wp\/v2\/users\/1"}],"replies":[{"embeddable":true,"href":"https:\/\/intrarazao.com\/articles\/wp-json\/wp\/v2\/comments?post=22"}],"version-history":[{"count":37,"href":"https:\/\/intrarazao.com\/articles\/wp-json\/wp\/v2\/pages\/22\/revisions"}],"predecessor-version":[{"id":3989,"href":"https:\/\/intrarazao.com\/articles\/wp-json\/wp\/v2\/pages\/22\/revisions\/3989"}],"wp:attachment":[{"href":"https:\/\/intrarazao.com\/articles\/wp-json\/wp\/v2\/media?parent=22"}],"curies":[{"name":"wp","href":"https:\/\/api.w.org\/{rel}","templated":true}]}}