{"id":45,"date":"2023-07-27T09:54:24","date_gmt":"2023-07-27T12:54:24","guid":{"rendered":"https:\/\/intrarazao.com\/?page_id=45"},"modified":"2025-08-21T11:25:37","modified_gmt":"2025-08-21T14:25:37","slug":"lista-de-ramais","status":"publish","type":"page","link":"https:\/\/intrarazao.com\/articles\/lista-de-ramais\/","title":{"rendered":"LISTA DE RAMAIS"},"content":{"rendered":"\n<p><\/p>\n\n\n\n<h4 class=\"wp-block-heading\"><strong>LO<\/strong>JA<\/h4>\n\n\n\n<div class=\"wp-block-columns is-layout-flex wp-container-core-columns-is-layout-28f84493 wp-block-columns-is-layout-flex\">\n<div class=\"wp-block-column is-layout-flow wp-block-column-is-layout-flow\" style=\"flex-basis:100%\">\n<div class=\"wp-block-columns is-layout-flex wp-container-core-columns-is-layout-28f84493 wp-block-columns-is-layout-flex\">\n<div class=\"wp-block-column is-layout-flow wp-block-column-is-layout-flow\" style=\"flex-basis:100%\">\n<div class=\"wp-block-group is-layout-constrained wp-container-core-group-is-layout-c06d165c wp-block-group-is-layout-constrained\" style=\"border-width:1px;padding-top:0;padding-right:0;padding-bottom:0;padding-left:0;font-size:43px\">\n<figure class=\"wp-block-table is-style-stripes has-small-font-size\"><table class=\"has-border-color has-vivid-red-border-color\" style=\"border-width:8px\"><thead><tr><th class=\"has-text-align-left\" data-align=\"left\">Nome<\/th><th class=\"has-text-align-left\" data-align=\"left\">E-mail<\/th><th>Ramal<\/th><\/tr><\/thead><tbody><tr><td class=\"has-text-align-left\" data-align=\"left\">Rafaela | Telefonista<\/td><td class=\"has-text-align-left\" data-align=\"left\"><a href=\"mailto:telefonia@imobiliariarazao.com.br\">telefonista@irazao.com.br<\/a><\/td><td>2020<\/td><\/tr><tr><td class=\"has-text-align-left\" data-align=\"left\">Let\u00edcia | Recep\u00e7\u00e3o Principal<\/td><td class=\"has-text-align-left\" data-align=\"left\">telefonia@irazao.com.br<\/td><td>2100<\/td><\/tr><tr><td class=\"has-text-align-left\" data-align=\"left\">Izabelle | Recep\u00e7\u00e3o<\/td><td class=\"has-text-align-left\" data-align=\"left\">telefonia@irazao.com.br | arquivo01@irazao.com.br | atendimento@imobiliariarazao.com.br<\/td><td>2101<\/td><\/tr><tr><td class=\"has-text-align-left\" data-align=\"left\">Camilly |  Recep\u00e7\u00e3o<\/td><td class=\"has-text-align-left\" data-align=\"left\">telefonia@irazao.com.br | arquivo01@irazao.com.br<\/td><td>2101<\/td><\/tr><tr><td class=\"has-text-align-left\" data-align=\"left\">Nicole | Consultora de Loca\u00e7\u00e3o<\/td><td class=\"has-text-align-left\" data-align=\"left\"><a href=\"mailto:nicole@irazao.com.br\">nicole@irazao.com.br<\/a><\/td><td>2037<\/td><\/tr><tr><td class=\"has-text-align-left\" data-align=\"left\">Karla | Consultora de Loca\u00e7\u00e3o<\/td><td class=\"has-text-align-left\" data-align=\"left\"><a href=\"mailto:karla@irazao.com.br\">karla@irazao.com.br<\/a><\/td><td>2031<\/td><\/tr><tr><td class=\"has-text-align-left\" data-align=\"left\">Eloisi | Consultor de Loca\u00e7\u00e3o<\/td><td class=\"has-text-align-left\" data-align=\"left\"><a href=\"mailto:lucasmonaro@irazao.com.br\">eloisi@irazao.com.br<\/a><\/td><td>2034<\/td><\/tr><tr><td class=\"has-text-align-left\" data-align=\"left\">Stefany | P\u00f3s Loca\u00e7\u00e3o<\/td><td class=\"has-text-align-left\" data-align=\"left\"><a href=\"mailto:poslocacao@irazao.com.br\" target=\"_blank\" rel=\"noreferrer noopener\">poslocacao@irazao.com.br<\/a><\/td><td>2112<\/td><\/tr><tr><td class=\"has-text-align-left\" data-align=\"left\">Amanda | Pr\u00e9 Atendimento <\/td><td class=\"has-text-align-left\" data-align=\"left\"><a>preatendimento@irazao.com.br<\/a><\/td><td>2033<\/td><\/tr><tr><td class=\"has-text-align-left\" data-align=\"left\">Cibele | Consultora de Loca\u00e7\u00e3o <\/td><td class=\"has-text-align-left\" data-align=\"left\"><a href=\"mailto:cadastro@irazao.com.br\">cibele@irazao.com.br<\/a><\/td><td>2035<\/td><\/tr><tr><td class=\"has-text-align-left\" data-align=\"left\">Miriane | Contratos<\/td><td class=\"has-text-align-left\" data-align=\"left\">\u00a0contrato@irazao.com.br | cadastro@irazao.com.br<\/td><td>2036<\/td><\/tr><tr><td class=\"has-text-align-left\" data-align=\"left\">Felipe | Contratos<\/td><td class=\"has-text-align-left\" data-align=\"left\">\u00a0contrato@irazao.com.br | cadastro@irazao.com.br<\/td><td>2088<\/td><\/tr><tr><td class=\"has-text-align-left\" data-align=\"left\"><strong>Thaina | Supervisora de Loca\u00e7\u00e3o<\/strong><\/td><td class=\"has-text-align-left\" data-align=\"left\"><a href=\"mailto:thaina@irazao.com.br\">thaina@irazao.com.br<\/a><\/td><td>2032<\/td><\/tr><tr><td class=\"has-text-align-left\" data-align=\"left\">Marizei | Angaria\u00e7\u00e3o<\/td><td class=\"has-text-align-left\" data-align=\"left\"><a href=\"mailto:marizei@irazao.com.br\">marizei@irazao.com.br<\/a><\/td><td>2057<\/td><\/tr><tr><td class=\"has-text-align-left\" data-align=\"left\">Lilian | Angaria\u00e7\u00e3o<\/td><td class=\"has-text-align-left\" data-align=\"left\"><a href=\"mailto:allana@irazao.com.br\">lilian@irazao.com.br<\/a><\/td><td>2128<\/td><\/tr><tr><td class=\"has-text-align-left\" data-align=\"left\">Aline | Angaria\u00e7\u00e3o<\/td><td class=\"has-text-align-left\" data-align=\"left\"><a href=\"mailto:allana@irazao.com.br\">aline@irazao.com.br<\/a><\/td><td>2058<\/td><\/tr><tr><td class=\"has-text-align-left\" data-align=\"left\">Roberta | Locus<\/td><td class=\"has-text-align-left\" data-align=\"left\"><a href=\"mailto:cadastro@irazao.com.br\">cadastro@irazao.com.br<\/a><\/td><td>2056<\/td><\/tr><tr><td class=\"has-text-align-left\" data-align=\"left\"><strong>Kelli | Assistente de Diretoria<\/strong><\/td><td class=\"has-text-align-left\" data-align=\"left\"><a href=\"mailto:kelli@irazao.com.br\">kelli@irazao.com.br<\/a><\/td><td>2119<\/td><\/tr><tr><td class=\"has-text-align-left\" data-align=\"left\"><strong>Weyne | Diretor<\/strong><\/td><td class=\"has-text-align-left\" data-align=\"left\"><a href=\"mailto:weyne@irazao.com.br\">weyne@irazao.com.br<\/a><\/td><td>2041<\/td><\/tr><\/tbody><\/table><\/figure>\n<\/div>\n<\/div>\n<\/div>\n<\/div>\n<\/div>\n\n\n\n<div class=\"wp-block-group is-layout-constrained wp-block-group-is-layout-constrained\">\n<h2 class=\"wp-block-heading has-medium-font-size\" style=\"font-style:normal;font-weight:700\">SOBRE LOJA<\/h2>\n\n\n\n<figure class=\"wp-block-table has-small-font-size\"><table class=\"has-border-color has-vivid-red-border-color\" style=\"border-width:8px\"><thead><tr><th class=\"has-text-align-left\" data-align=\"left\">Nome<\/th><th class=\"has-text-align-left\" data-align=\"left\">E-mail<\/th><th>Ramal<\/th><\/tr><\/thead><tbody><tr><td class=\"has-text-align-left\" data-align=\"left\">Alexandre | Reparos<\/td><td class=\"has-text-align-left\" data-align=\"left\"><a href=\"mailto:reparos@irazao.com.br\">reparos@irazao.com.br<\/a><\/td><td>2022<\/td><\/tr><tr><td class=\"has-text-align-left\" data-align=\"left\">Rafaela | Reparos <\/td><td class=\"has-text-align-left\" data-align=\"left\"><a href=\"mailto:reparos01@irazao.com.br\">reparos01@irazao.com.br<\/a><\/td><td>2021<\/td><\/tr><tr><td class=\"has-text-align-left\" data-align=\"left\">Nicolas | Reparos<\/td><td class=\"has-text-align-left\" data-align=\"left\"><a href=\"mailto:reparos03@irazao.com.br\">reparos03@irazao.com.br<\/a><\/td><td>2024<\/td><\/tr><tr><td class=\"has-text-align-left\" data-align=\"left\">Bruno Lu\u00eds | Reparos<\/td><td class=\"has-text-align-left\" data-align=\"left\"><a href=\"mailto:reparos02@irazao.com.br\">reparos02@irazao.com.br<\/a><\/td><td>2118<\/td><\/tr><tr><td class=\"has-text-align-left\" data-align=\"left\">Luana | Desocupa\u00e7\u00e3o<\/td><td class=\"has-text-align-left\" data-align=\"left\"><a href=\"desocupacao01@irazao.com.br\" data-type=\"link\" data-id=\"desocupacao01@irazao.com.br\"><a href=\"mailto:desocupacao04@irazao.com.br\">desocupacao04@irazao.com.br<\/a><\/a><\/td><td>2028<\/td><\/tr><tr><td class=\"has-text-align-left\" data-align=\"left\">Brenda | Desocupa\u00e7\u00e3o<\/td><td class=\"has-text-align-left\" data-align=\"left\"><a href=\"mailto:desocupacao06@irazao.com.br\">desocupacao06@irazao.com.br<\/a><\/td><td>2122<\/td><\/tr><tr><td class=\"has-text-align-left\" data-align=\"left\">Kauanne | Desocupa\u00e7\u00e3o<\/td><td class=\"has-text-align-left\" data-align=\"left\"><a href=\"mailto:desocupacao01@irazao.com.br\">desocupacao01@irazao.com.br<\/a><\/td><td>2023<\/td><\/tr><tr><td class=\"has-text-align-left\" data-align=\"left\">Kelvin | P\u00f3s Desocupa\u00e7\u00e3o<\/td><td class=\"has-text-align-left\" data-align=\"left\">posdesocupacao@irazao.com.br<\/td><td>2068<\/td><\/tr><tr><td class=\"has-text-align-left\" data-align=\"left\"><strong>Gustavo | Encarregado de Desocupa\u00e7\u00e3o e Reparos<\/strong><\/td><td class=\"has-text-align-left\" data-align=\"left\"><a href=\"mailto:desopacacao@irazao.com.br\">gustavo@irazao.com.br<\/a><\/td><td>2026<\/td><\/tr><tr><td class=\"has-text-align-left\" data-align=\"left\"><strong>Lara | Encarregada de Negocia\u00e7\u00e3o de Contratos <\/strong><\/td><td class=\"has-text-align-left\" data-align=\"left\"><a href=\"mailto:lara@irazao.com.br\">lara@irazao.com.br<\/a><\/td><td>2052<\/td><\/tr><tr><td class=\"has-text-align-left\" data-align=\"left\">\u00c9rika | Transfer\u00eancia\/Renova\u00e7\u00e3o<\/td><td class=\"has-text-align-left\" data-align=\"left\"><a href=\"mailto:transferencia@irazao.com.br\"><a href=\"mailto:transferencia@irazao.com.br\">transferencia@irazao.com.br<\/a><\/a><\/td><td>2029<\/td><\/tr><tr><td class=\"has-text-align-left\" data-align=\"left\">Leonardo | Renova\u00e7\u00e3o de Contas<\/td><td class=\"has-text-align-left\" data-align=\"left\"><a href=\"mailto:transferencia@irazao.com.br\">transferencia@irazao.com.br<\/a><\/td><td>2125<\/td><\/tr><tr><td class=\"has-text-align-left\" data-align=\"left\">Luiza | Renova\u00e7\u00e3o de Contas<\/td><td class=\"has-text-align-left\" data-align=\"left\"><a href=\"mailto:transferencia@irazao.com.br\">transferencia@irazao.com.br<\/a><\/td><td>2116<\/td><\/tr><tr><td class=\"has-text-align-left\" data-align=\"left\">Nicolas | Jur\u00eddico<\/td><td class=\"has-text-align-left\" data-align=\"left\"><a href=\"mailto:juridico@irazao.com.br\">juridico@irazao.com.br<\/a><\/td><td>2072<\/td><\/tr><tr><td class=\"has-text-align-left\" data-align=\"left\">Gabriel | Jur\u00eddico<\/td><td class=\"has-text-align-left\" data-align=\"left\"><a href=\"mailto:juridico@irazao.com.br\">juridico@irazao.com.br<\/a><\/td><td>2048<\/td><\/tr><tr><td class=\"has-text-align-left\" data-align=\"left\">Gabriele | Cobran\u00e7a<\/td><td class=\"has-text-align-left\" data-align=\"left\"><a href=\"mailto:cobranca@irazao.com.br\">cobranca@irazao.com.br<\/a> | <a href=\"mailto:negociacaoinquilino@imobiliariarazao.com.br\">negociacaoinquilino@irazao.com.br<\/a><\/td><td>2082<\/td><\/tr><tr><td class=\"has-text-align-left\" data-align=\"left\">Tauna | Cobran\u00e7a<\/td><td class=\"has-text-align-left\" data-align=\"left\"><a href=\"mailto:cobranca@irazao.com.br\">cobranca@irazao.com.br<\/a><\/td><td>2027<\/td><\/tr><tr><td class=\"has-text-align-left\" data-align=\"left\"><strong>Dennis | Gestor de Processos<\/strong><\/td><td class=\"has-text-align-left\" data-align=\"left\"><a href=\"mailto:cobranca@irazao.com.br\">dennis@irazao.com.br<\/a><\/td><td>2025<\/td><\/tr><tr><td class=\"has-text-align-left\" data-align=\"left\">Daniel | Presta\u00e7\u00e3o de Contas<\/td><td class=\"has-text-align-left\" data-align=\"left\"><a href=\"mailto:prestacaodecontas@irazao.com.br\">prestacaodecontas01@irazao.com.br<\/a><\/td><td>2045<\/td><\/tr><tr><td class=\"has-text-align-left\" data-align=\"left\">Paulo | Presta\u00e7\u00e3o de Contas<\/td><td class=\"has-text-align-left\" data-align=\"left\"><a href=\"mailto:prestacaodecontas@irazao.com.br\">prestacaodecontas@irazao.com.br<\/a><\/td><td>2046<\/td><\/tr><tr><td class=\"has-text-align-left\" data-align=\"left\">Jhennyfher | Taxas | Financeiro<\/td><td class=\"has-text-align-left\" data-align=\"left\"><a href=\"mailto:taxa01@irazao.com.br\">taxa01@irazao.com.br<\/a> | <a href=\"mailto:fundodereserva@irazao.com.br\">fundodereserva@irazao.com.br<\/a><\/td><td>2111<\/td><\/tr><tr><td class=\"has-text-align-left\" data-align=\"left\"><strong>Ge\u00f3rgia | Encarregada de Taxas<\/strong><\/td><td class=\"has-text-align-left\" data-align=\"left\"><a href=\"mailto:rodrigo@irazao.com.br\">taxa@irazao.com.br<\/a><\/td><td>2124<\/td><\/tr><tr><td class=\"has-text-align-left\" data-align=\"left\">Indyanara | Financeiro<\/td><td class=\"has-text-align-left\" data-align=\"left\"><a href=\"mailto:financeiro03@irazao.com.br\"><a href=\"mailto:financeiro01@irazao.com.br%20;financeiro03@irazao.com.br\">financeiro01@irazao.com.br | financeiro03@irazao.com.br<\/a><\/a><\/td><td>2044<\/td><\/tr><tr><td class=\"has-text-align-left\" data-align=\"left\">Caio | Aprendiz Financeiro<\/td><td class=\"has-text-align-left\" data-align=\"left\"><a href=\"mailto:arquivo01@irazao.com.br\">auxiliar@irazao.com.br<\/a> <\/td><td>2039<\/td><\/tr><tr><td class=\"has-text-align-left\" data-align=\"left\">Eder | Gerente Financeiro<\/td><td class=\"has-text-align-left\" data-align=\"left\"><a href=\"mailto:eder@irazao.com.br\">eder@irazao.com.br<\/a><\/td><td>2047<\/td><\/tr><tr><td class=\"has-text-align-left\" data-align=\"left\"><strong>Eduardo | Assistente de Diretoria<\/strong><\/td><td class=\"has-text-align-left\" data-align=\"left\"><a href=\"mailto:eduardo@irazao.com.br\">eduardo@irazao.com.br<\/a><\/td><td>2049<\/td><\/tr><tr><td class=\"has-text-align-left\" data-align=\"left\"><strong>Lucas | Diretor<\/strong><\/td><td class=\"has-text-align-left\" data-align=\"left\"><a href=\"mailto:lucas@irazao.com.br\">lucas@irazao.com.br<\/a><\/td><td>2042<\/td><\/tr><\/tbody><\/table><\/figure>\n\n\n\n<h2 class=\"wp-block-heading has-medium-font-size\" style=\"font-style:normal;font-weight:700\">2\u00ba ANDAR<\/h2>\n\n\n\n<div class=\"wp-block-columns is-layout-flex wp-container-core-columns-is-layout-28f84493 wp-block-columns-is-layout-flex\">\n<div class=\"wp-block-column is-layout-flow wp-block-column-is-layout-flow\" style=\"flex-basis:100%\">\n<figure class=\"wp-block-table has-small-font-size\"><table class=\"has-border-color has-vivid-red-border-color\" style=\"border-width:8px\"><thead><tr><th class=\"has-text-align-left\" data-align=\"left\">Nome<\/th><th class=\"has-text-align-left\" data-align=\"left\">E-mail<\/th><th>Ramal<\/th><\/tr><\/thead><tbody><tr><td class=\"has-text-align-left\" data-align=\"left\">Calebe <\/td><td class=\"has-text-align-left\" data-align=\"left\"><a href=\"mailto:calebe@irazao.com.br\">calebe@irazao.com.br<\/a><\/td><td>2085<\/td><\/tr><tr><td class=\"has-text-align-left\" data-align=\"left\">Sumaya | Estagi\u00e1ria de Marketing<\/td><td class=\"has-text-align-left\" data-align=\"left\"><a href=\"mailto:divulgacao@irazao.com.br\">divulgacao@irazao.com.br<\/a><\/td><td>2080<\/td><\/tr><tr><td class=\"has-text-align-left\" data-align=\"left\">Camila | Marketing <\/td><td class=\"has-text-align-left\" data-align=\"left\"><a href=\"mailto:marketing@irazao.com.br\">marketing@irazao.com.br<\/a><\/td><td>2099<\/td><\/tr><tr><td class=\"has-text-align-left\" data-align=\"left\">Isadora | Marketing<\/td><td class=\"has-text-align-left\" data-align=\"left\"><a href=\"mailto:marketing02@irazao.com.br\">marketing02@irazao.com.br<\/a> <\/td><td>2107<\/td><\/tr><tr><td class=\"has-text-align-left\" data-align=\"left\"><strong>Elaine | Coordenadora de Marketing<\/strong><\/td><td class=\"has-text-align-left\" data-align=\"left\"><a href=\"mailto:elaine@irazao.com.br\">elaine@irazao.com.br<\/a> | <a href=\"mailto:marketing@irazao.com.br\">marketing@irazao.com.br<\/a><\/td><td>2059<\/td><\/tr><tr><td class=\"has-text-align-left\" data-align=\"left\">Vit\u00f3ria | TI<\/td><td class=\"has-text-align-left\" data-align=\"left\"><a href=\"mailto:suporte.ti@irazao.com.br\">suporte.ti@irazao.com.br<\/a><\/td><td>2055<\/td><\/tr><tr><td class=\"has-text-align-left\" data-align=\"left\">Fausto | Garante<\/td><td class=\"has-text-align-left\" data-align=\"left\"><a href=\"mailto:seguros@irazao.com.br\">seguros@irazao.com.br<\/a><\/td><td>2054<\/td><\/tr><tr><td class=\"has-text-align-left\" data-align=\"left\">Douglas | Garante<\/td><td class=\"has-text-align-left\" data-align=\"left\"><a href=\"mailto:seguros@irazao.com.br\">seguros@irazao.com.br<\/a><\/td><td>2053<\/td><\/tr><tr><td class=\"has-text-align-left\" data-align=\"left\"><strong>P\u00e2mela | Assistente de Diretoria<\/strong><\/td><td class=\"has-text-align-left\" data-align=\"left\"><a href=\"mailto:pamela@irazao.com.br\">pamela@irazao.com.br<\/a><\/td><td>2123<\/td><\/tr><tr><td class=\"has-text-align-left\" data-align=\"left\"><strong>Jo\u00e3o Felipe | Diretor<\/strong><\/td><td class=\"has-text-align-left\" data-align=\"left\"><a href=\"mailto:joaofelipe@irazao.com.br\">joaofelipe@irazao.com.br<\/a><\/td><td>2051<\/td><\/tr><\/tbody><\/table><\/figure>\n<\/div>\n<\/div>\n\n\n\n<h2 class=\"wp-block-heading has-medium-font-size\" style=\"font-style:normal;font-weight:700\">3\u00ba ANDAR<\/h2>\n\n\n\n<figure class=\"wp-block-table has-small-font-size\"><table class=\"has-contrast-color has-text-color has-border-color has-vivid-red-border-color\" style=\"border-width:8px\"><thead><tr><th class=\"has-text-align-left\" data-align=\"left\">Nome<\/th><th class=\"has-text-align-left\" data-align=\"left\">E-mail<\/th><th>Ramal<\/th><\/tr><\/thead><tbody><tr><td class=\"has-text-align-left\" data-align=\"left\">Fernanda | Adm Vendas<\/td><td class=\"has-text-align-left\" data-align=\"left\"><a href=\"mailto:admvendas@irazao.com.br\">admvendas@irazao.com.br<\/a><\/td><td>2115<\/td><\/tr><tr><td class=\"has-text-align-left\" data-align=\"left\">Wesley Carvalho | Corretor <\/td><td class=\"has-text-align-left\" data-align=\"left\"><a href=\"mailto:wesley.carvalho@irazao.com.br\">wesley.carvalho@irazao.com.br<\/a><\/td><td>2070<\/td><\/tr><tr><td class=\"has-text-align-left\" data-align=\"left\">Viviane | Corretora <\/td><td class=\"has-text-align-left\" data-align=\"left\"><a href=\"mailto:viviane@irazao.com.br\">viviane@irazao.com.br<\/a><\/td><td>2077<\/td><\/tr><tr><td class=\"has-text-align-left\" data-align=\"left\">Simone | Corretora<\/td><td class=\"has-text-align-left\" data-align=\"left\"><a href=\"mailto:simone@irazao.com.br\">simone@irazao.com.br<\/a><\/td><td>2078<\/td><\/tr><tr><td class=\"has-text-align-left\" data-align=\"left\">Lir\u00eds | Corretora<\/td><td class=\"has-text-align-left\" data-align=\"left\"><a href=\"mailto:liris@irazao.com.br\">liris@irazao.com.br<\/a><\/td><td>2063<\/td><\/tr><tr><td class=\"has-text-align-left\" data-align=\"left\">Giselle | Corretora<\/td><td class=\"has-text-align-left\" data-align=\"left\"><a href=\"mailto:giselle@irazao.com.br\">giselle@irazao.com.br<\/a><\/td><td>2066<\/td><\/tr><tr><td class=\"has-text-align-left\" data-align=\"left\">C\u00e9lia | Corretora<\/td><td class=\"has-text-align-left\" data-align=\"left\"><a href=\"mailto:celia@irazao.com.br\">celia@irazao.com.br<\/a><\/td><td>2073<\/td><\/tr><tr><td class=\"has-text-align-left\" data-align=\"left\">Wesley | Corretor<\/td><td class=\"has-text-align-left\" data-align=\"left\"><a href=\"mailto:wesley@irazao.com.br\">wesley@irazao.com.br<\/a><\/td><td>2075<\/td><\/tr><tr><td class=\"has-text-align-left\" data-align=\"left\">Mauro | Corretor<\/td><td class=\"has-text-align-left\" data-align=\"left\"><a href=\"mailto:mauro@irazao.com.br\">mauro@irazao.com.br<\/a><\/td><td>2065<\/td><\/tr><tr><td class=\"has-text-align-left\" data-align=\"left\">Mario | Corretor<\/td><td class=\"has-text-align-left\" data-align=\"left\"><a href=\"mailto:mario@irazao.com.br\">mario@irazao.com.br<\/a><\/td><td>2102<\/td><\/tr><tr><td class=\"has-text-align-left\" data-align=\"left\">Reinaldo | Corretor<\/td><td class=\"has-text-align-left\" data-align=\"left\"><a href=\"mailto:reinaldo@irazao.com,br\">reinaldo@irazao.com.br<\/a><\/td><td>2076<\/td><\/tr><tr><td class=\"has-text-align-left\" data-align=\"left\">Marcos | Corretor<\/td><td class=\"has-text-align-left\" data-align=\"left\"><a href=\"mailto:marcos@irazao.com.br\">marcos@irazao.com.br<\/a><\/td><td>2067<\/td><\/tr><tr><td class=\"has-text-align-left\" data-align=\"left\">Rafael | Corretor<\/td><td class=\"has-text-align-left\" data-align=\"left\"><a href=\"mailto:marcos@irazao.com.br\">rafael@irazao.com.br<\/a><\/td><td>2064<\/td><\/tr><tr><td class=\"has-text-align-left\" data-align=\"left\">Marina | RH<\/td><td class=\"has-text-align-left\" data-align=\"left\"><a href=\"mailto:rh@irazao.com.br\">rh@irazao.com.br<\/a><\/td><td>2117<\/td><\/tr><tr><td class=\"has-text-align-left\" data-align=\"left\">S\u00e2mia | Auxiliar RH<\/td><td class=\"has-text-align-left\" data-align=\"left\"><a href=\"mailto:rh01@irazao.com.br\">rh01@irazao.com.br<\/a><\/td><td>2062<\/td><\/tr><tr><td class=\"has-text-align-left\" data-align=\"left\">Milene | Aprendiz RH <\/td><td class=\"has-text-align-left\" data-align=\"left\"><a href=\"mailto:rh01@irazao.com.br\"><a href=\"mailto:rh02@irazao.com.br\">rh02@irazao.com.br<\/a><\/a><\/td><td>2120<\/td><\/tr><tr><td class=\"has-text-align-left\" data-align=\"left\">Pattricia | Secret\u00e1ria de Vendas<\/td><td class=\"has-text-align-left\" data-align=\"left\"><a href=\"mailto:secretaria03@irazao.com.br\">secretaria03@irazao.com.br<\/a><\/td><td>2060<\/td><\/tr><tr><td class=\"has-text-align-left\" data-align=\"left\"><strong>Marlon | Diretor<\/strong><\/td><td class=\"has-text-align-left\" data-align=\"left\"><a href=\"mailto:marlon@irazao.com.br\">marlon@irazao.com.br<\/a><\/td><td>2071<\/td><\/tr><tr><td class=\"has-text-align-left\" data-align=\"left\"><strong>Lino | Direto<\/strong>r<\/td><td class=\"has-text-align-left\" data-align=\"left\"><a href=\"mailto:linom@irazao.com.br\">linom@irazao.com.br<\/a><\/td><td>2061<\/td><\/tr><tr><td class=\"has-text-align-left\" data-align=\"left\"><strong>\u00c1tico <\/strong><\/td><td class=\"has-text-align-left\" data-align=\"left\"><\/td><td>2081<\/td><\/tr><\/tbody><\/table><\/figure>\n<\/div>\n\n\n\n<p><\/p>\n\n\n\n<p><\/p>\n\n\n\n<p><\/p>\n","protected":false},"excerpt":{"rendered":"<p>LOJA Nome E-mail Ramal Rafaela | Telefonista telefonista@irazao.com.br 2020 Let\u00edcia | Recep\u00e7\u00e3o Principal telefonia@irazao.com.br 2100 Izabelle | Recep\u00e7\u00e3o telefonia@irazao.com.br | arquivo01@irazao.com.br | atendimento@imobiliariarazao.com.br 2101 Camilly | Recep\u00e7\u00e3o telefonia@irazao.com.br | arquivo01@irazao.com.br 2101 Nicole | Consultora de Loca\u00e7\u00e3o nicole@irazao.com.br 2037 Karla | Consultora de Loca\u00e7\u00e3o karla@irazao.com.br 2031 Eloisi | Consultor de Loca\u00e7\u00e3o eloisi@irazao.com.br 2034 Stefany | P\u00f3s &hellip;<\/p>\n<p class=\"read-more\"> <a class=\"\" href=\"https:\/\/intrarazao.com\/articles\/lista-de-ramais\/\"> <span class=\"screen-reader-text\">LISTA DE RAMAIS<\/span> Leia mais &raquo;<\/a><\/p>\n","protected":false},"author":1,"featured_media":3663,"parent":0,"menu_order":0,"comment_status":"closed","ping_status":"closed","template":"","meta":{"saved_in_kubio":true,"site-sidebar-layout":"default","site-content-layout":"default","ast-global-header-display":"","ast-main-header-display":"","ast-hfb-above-header-display":"","ast-hfb-below-header-display":"","ast-hfb-mobile-header-display":"","site-post-title":"","ast-breadcrumbs-content":"","ast-featured-img":"","footer-sml-layout":"","theme-transparent-header-meta":"","adv-header-id-meta":"","stick-header-meta":"","header-above-stick-meta":"","header-main-stick-meta":"","header-below-stick-meta":"","footnotes":""},"class_list":["post-45","page","type-page","status-publish","has-post-thumbnail","hentry"],"kubio_ai_page_context":{"short_desc":"","purpose":"general"},"_links":{"self":[{"href":"https:\/\/intrarazao.com\/articles\/wp-json\/wp\/v2\/pages\/45","targetHints":{"allow":["GET"]}}],"collection":[{"href":"https:\/\/intrarazao.com\/articles\/wp-json\/wp\/v2\/pages"}],"about":[{"href":"https:\/\/intrarazao.com\/articles\/wp-json\/wp\/v2\/types\/page"}],"author":[{"embeddable":true,"href":"https:\/\/intrarazao.com\/articles\/wp-json\/wp\/v2\/users\/1"}],"replies":[{"embeddable":true,"href":"https:\/\/intrarazao.com\/articles\/wp-json\/wp\/v2\/comments?post=45"}],"version-history":[{"count":108,"href":"https:\/\/intrarazao.com\/articles\/wp-json\/wp\/v2\/pages\/45\/revisions"}],"predecessor-version":[{"id":4907,"href":"https:\/\/intrarazao.com\/articles\/wp-json\/wp\/v2\/pages\/45\/revisions\/4907"}],"wp:featuredmedia":[{"embeddable":true,"href":"https:\/\/intrarazao.com\/articles\/wp-json\/wp\/v2\/media\/3663"}],"wp:attachment":[{"href":"https:\/\/intrarazao.com\/articles\/wp-json\/wp\/v2\/media?parent=45"}],"curies":[{"name":"wp","href":"https:\/\/api.w.org\/{rel}","templated":true}]}}